{"id":195,"date":"2012-08-28T15:18:02","date_gmt":"2012-08-28T13:18:02","guid":{"rendered":"https:\/\/2012.gdansk.wordcamp.org\/?page_id=195"},"modified":"2012-08-28T23:40:12","modified_gmt":"2012-08-28T21:40:12","slug":"lokalizacja","status":"publish","type":"page","link":"https:\/\/gdansk.wordcamp.org\/2012\/lokalizacja\/","title":{"rendered":"Lokalizacja"},"content":{"rendered":"<p>W tym roku WordCamp zawita\u0142 do Gda\u0144ska. Miasta pe\u0142nego jodu, wolno\u015bci&#8230; oraz oczywi\u015bcie stoczni. I w\u0142a\u015bnie wok\u00f3\u0142 stoczni postanowili\u015bmy skoncentrowa\u0107 nasze WordCampowe dzia\u0142ania. Specjalnie dla was wybrali\u015bmy miejsca magiczne i wa\u017cne. Miejsca w kt\u00f3rych tworzy\u0142a si\u0119 historia polskiej wolno\u015bci. Mamy nadziej\u0119, \u017ce miejsce naszego WordCampowego spotkania nie wystraszy ani uczestnik\u00f3w, ani prelegent\u00f3w. Liczymy, \u017ce jako Polacy b\u0119dziemy mogli by\u0107 dumni z tego, \u017ce debatujemy w\u0142a\u015bnie w tym miejscu. Historycznej Sali BHP Stoczni Gda\u0144skiej.<\/p>\n<div class=\"googlemaps\">\n\t\t\t\t<iframe loading=\"lazy\" width=\"620\" height=\"350\" frameborder=\"0\" scrolling=\"no\" marginheight=\"0\" marginwidth=\"0\"  src=\"https:\/\/maps.google.pl\/maps\/ms?msa=0&#038;msid=208411881368661405404.0004c85a15c970a3eeb81&#038;ie=UTF8&#038;t=m&#038;ll=54.361958,18.651937&#038;spn=0.001097,0.003326&#038;z=18&#038;iwloc=0004c85a1bd734779643a&#038;output=embed\"><\/iframe>\n\t\t\t<\/div>\n<p>&nbsp;<\/p>\n<p><strong><a title=\"Historyczna Sala BHP\" href=\"http:\/\/www.salabhp.pl\" target=\"_blank\">Historyczna Sala BHP<\/a> <\/strong><br \/>\nWordCamp 2012<\/p>\n<p>Historia obiektu si\u0119ga po\u0142owy XIX wieku kiedy zacz\u0119to budowa\u0107 i u\u017cytkowa\u0107 Stoczni\u0119 Kr\u00f3lewsk\u0105 (p\u00f3\u017aniej Stoczni\u0119 Cesarsk\u0105). Pocz\u0105tki dzia\u0142alno\u015bci stoczni to budowa okr\u0119t\u00f3w i sprz\u0119tu militarnego dla II i III Rzeszy Niemieckiej. Od pocz\u0105tku budynek ten pe\u0142ni\u0142 rol\u0119 magazynu i montowni uzbrojenia okr\u0119t\u00f3w wojennych (magazyn torped). Po zako\u0144czeniu II wojny \u015bwiatowej stocznia przekszta\u0142ci\u0142a si\u0119 w Stoczni\u0119 Gda\u0144sk\u0105, a budynek zacz\u0105\u0142 pe\u0142ni\u0107 funkcje szkoleniowe dla nowych pracownik\u00f3w stoczni.<br \/>\nW sierpniu 1980 roku Sala BHP by\u0142a miejscem powstania i obrad Mi\u0119dzyzak\u0142adowego Komitetu Strajkowego (MKS), negocjacji mi\u0119dzy powsta\u0142ym MKS`em, a Komisj\u0105 Rz\u0105dow\u0105. <strong>W Sali BHP podpisano \u201ePorozumienia Sierpniowe\u201d 31.08.1980r., dzi\u0119ki kt\u00f3rym powsta\u0142 Niezale\u017cny Samorz\u0105dny Zwi\u0105zek Zawodowy \u201eSolidarno\u015b\u0107\u201d. Sala BHP jest miejscem, gdzie zacz\u0119\u0142a si\u0119 polska, pokojowa droga do odzyskania pe\u0142nej suwerenno\u015bci i niepodleg\u0142o\u015bci.<\/strong> Jest te\u017c miejscem-symbolem walki z komunizmem [www.salabhp.pl].<br \/>\nW dniach 11-12 pa\u017adziernika Historyczna Sala BHP pos\u0142u\u017cy nam jako miejsce wymiany do\u015bwiadcze\u0144 i b\u0119dzie g\u0142\u00f3wnym miejscem WordCampowych spotka\u0144.<\/p>\n<p><strong><a title=\"Wydzia\u0142 remontowy\" href=\"http:\/\/www.facebook.com\/wydzial.remontowy\/page_map\" target=\"_blank\">Klub Wydzia\u0142 Remontowy<\/a> <\/strong><br \/>\nWordCamp AfterParty<\/p>\n<p>Lokal znajduje si\u0119 w dawnym budynku biura przepustek Stoczni Gda\u0144skiej tu\u017c obok historycznej bramy stoczniowej. Przy kt\u00f3rej zar\u00f3wno w latach 1980 organizowano strajki, manifestacje. Tak te\u017c obecnie spotka\u0107 mo\u017cna wielu ludzi wyra\u017caj\u0105cych swoje oburzenie (chocia\u017cby na posta\u0107 Lenina na bramie, a dok\u0142adniej napis przypominaj\u0105cy o dawnym patronie stoczni). Kto wie mo\u017ce i podczas WordCampowego Afterparty nawiedz\u0105 nas duchy przesz\u0142o\u015bci? B\u0105d\u017acie czujni. :)<\/p>\n","protected":false},"excerpt":{"rendered":"<p>W tym roku WordCamp zawita\u0142 do Gda\u0144ska. Miasta pe\u0142nego jodu, wolno\u015bci&#8230; oraz oczywi\u015bcie stoczni. I w\u0142a\u015bnie wok\u00f3\u0142 stoczni postanowili\u015bmy skoncentrowa\u0107 nasze WordCampowe dzia\u0142ania. Specjalnie dla was wybrali\u015bmy miejsca magiczne i wa\u017cne. Miejsca w kt\u00f3rych tworzy\u0142a si\u0119 historia polskiej wolno\u015bci. Mamy &hellip; <a href=\"https:\/\/gdansk.wordcamp.org\/2012\/lokalizacja\/\">Czytaj dalej <span class=\"screen-reader-text\">Lokalizacja<\/span>  <span class=\"meta-nav\">&rarr;<\/span><\/a><\/p>\n","protected":false},"author":7521817,"featured_media":0,"parent":0,"menu_order":0,"comment_status":"closed","ping_status":"closed","template":"","meta":{"jetpack_post_was_ever_published":false,"footnotes":""},"class_list":["post-195","page","type-page","status-publish","hentry"],"jetpack_sharing_enabled":false,"jetpack_shortlink":"https:\/\/wp.me\/P2GnQ0-39","_links":{"self":[{"href":"https:\/\/gdansk.wordcamp.org\/2012\/wp-json\/wp\/v2\/pages\/195","targetHints":{"allow":["GET"]}}],"collection":[{"href":"https:\/\/gdansk.wordcamp.org\/2012\/wp-json\/wp\/v2\/pages"}],"about":[{"href":"https:\/\/gdansk.wordcamp.org\/2012\/wp-json\/wp\/v2\/types\/page"}],"author":[{"embeddable":true,"href":"https:\/\/gdansk.wordcamp.org\/2012\/wp-json\/wp\/v2\/users\/7521817"}],"replies":[{"embeddable":true,"href":"https:\/\/gdansk.wordcamp.org\/2012\/wp-json\/wp\/v2\/comments?post=195"}],"version-history":[{"count":13,"href":"https:\/\/gdansk.wordcamp.org\/2012\/wp-json\/wp\/v2\/pages\/195\/revisions"}],"predecessor-version":[{"id":299,"href":"https:\/\/gdansk.wordcamp.org\/2012\/wp-json\/wp\/v2\/pages\/195\/revisions\/299"}],"wp:attachment":[{"href":"https:\/\/gdansk.wordcamp.org\/2012\/wp-json\/wp\/v2\/media?parent=195"}],"curies":[{"name":"wp","href":"https:\/\/api.w.org\/{rel}","templated":true}]}}