{"id":2,"date":"2012-08-23T21:28:43","date_gmt":"2012-08-23T21:28:43","guid":{"rendered":"http:\/\/2012-gdansk.wordcamp.org\/?page_id=2"},"modified":"2012-11-06T14:46:23","modified_gmt":"2012-11-06T12:46:23","slug":"prelegenci","status":"publish","type":"page","link":"https:\/\/gdansk.wordcamp.org\/2012\/prelegenci\/","title":{"rendered":"Prelegenci"},"content":{"rendered":"<p>Prelegenci to z\u0142oto ka\u017cdej konferencji i WordCamp nie nale\u017cy do wyj\u0105tk\u00f3w. Poni\u017cej przedstawiamy kr\u00f3tkie informacje o ka\u017cdym, kto zechcia\u0142 podzieli\u0107 si\u0119 z nami swoj\u0105 wiedz\u0105. <\/p>\n\n\t\t<div class=\"cpt-loop speaker-gravatar-list clearfix\">\n\t\t\t<p>\n\t\t\t\t\t\t\t<a href='#adam-selin' title='Adam Selin'><img alt='' src='https:\/\/secure.gravatar.com\/avatar\/d2f145eb03b6cfb0fc1ed427a61d4818a6cf73e77930e09cbeed92567fc6db88?s=48&#038;d=mm&#038;r=g' srcset='https:\/\/secure.gravatar.com\/avatar\/d2f145eb03b6cfb0fc1ed427a61d4818a6cf73e77930e09cbeed92567fc6db88?s=96&#038;d=mm&#038;r=g 2x' class='avatar avatar-48 photo' height='48' width='48' \/><\/a>\t\t\t\t\t\t\t<a href='#arkadiusz-podlaski' title='Arkadiusz Podlaski'><img alt='' src='https:\/\/secure.gravatar.com\/avatar\/54ad9953b837a35cff96f2f6dde5c322e7d978e299b0fa82fcefd963ce01dc3b?s=48&#038;d=mm&#038;r=g' srcset='https:\/\/secure.gravatar.com\/avatar\/54ad9953b837a35cff96f2f6dde5c322e7d978e299b0fa82fcefd963ce01dc3b?s=96&#038;d=mm&#038;r=g 2x' class='avatar avatar-48 photo' height='48' width='48' \/><\/a>\t\t\t\t\t\t\t<a href='#arkadiusz-steplowski' title='Arkadiusz St\u0119plowski'><img alt='' src='https:\/\/secure.gravatar.com\/avatar\/936854a95cbb194f1beb45f702f5de00ff32e20b8356a12370cb86f9b27b5a57?s=48&#038;d=mm&#038;r=g' srcset='https:\/\/secure.gravatar.com\/avatar\/936854a95cbb194f1beb45f702f5de00ff32e20b8356a12370cb86f9b27b5a57?s=96&#038;d=mm&#038;r=g 2x' class='avatar avatar-48 photo' height='48' width='48' \/><\/a>\t\t\t\t\t\t\t<a href='#daniel-dudzic' title='Daniel Dudzic'><img alt='' src='https:\/\/secure.gravatar.com\/avatar\/b689767c4b308b8f5910cef3a2f44c2acdadcb3b63326b0d5c865d2c208c668e?s=48&#038;d=mm&#038;r=g' srcset='https:\/\/secure.gravatar.com\/avatar\/b689767c4b308b8f5910cef3a2f44c2acdadcb3b63326b0d5c865d2c208c668e?s=96&#038;d=mm&#038;r=g 2x' class='avatar avatar-48 photo' height='48' width='48' \/><\/a>\t\t\t\t\t\t\t<a href='#katarzyna-karus' title='Katarzyna Karus'><img alt='' src='https:\/\/secure.gravatar.com\/avatar\/3ec68ee6b77aeb9b472ef80ef660721b322efa6849127f2824a04a14e937bfcf?s=48&#038;d=mm&#038;r=g' srcset='https:\/\/secure.gravatar.com\/avatar\/3ec68ee6b77aeb9b472ef80ef660721b322efa6849127f2824a04a14e937bfcf?s=96&#038;d=mm&#038;r=g 2x' class='avatar avatar-48 photo' height='48' width='48' \/><\/a>\t\t\t\t\t\t\t<a href='#kim-gjerstad' title='Kim Gjerstad'><img alt='' src='https:\/\/secure.gravatar.com\/avatar\/390a731662a4ef44d7edcff8db1fac932d59d7ce2e7cc6bf62fa3df64da455e1?s=48&#038;d=mm&#038;r=g' srcset='https:\/\/secure.gravatar.com\/avatar\/390a731662a4ef44d7edcff8db1fac932d59d7ce2e7cc6bf62fa3df64da455e1?s=96&#038;d=mm&#038;r=g 2x' class='avatar avatar-48 photo' height='48' width='48' \/><\/a>\t\t\t\t\t\t\t<a href='#konrad-karpieszuk' title='Konrad Karpieszuk'><img alt='' src='https:\/\/secure.gravatar.com\/avatar\/944a755d72d33d3100e762ab4ef7a1c8920240f3e82c167923eeb7b7c41d30c2?s=48&#038;d=mm&#038;r=g' srcset='https:\/\/secure.gravatar.com\/avatar\/944a755d72d33d3100e762ab4ef7a1c8920240f3e82c167923eeb7b7c41d30c2?s=96&#038;d=mm&#038;r=g 2x' class='avatar avatar-48 photo' height='48' width='48' \/><\/a>\t\t\t\t\t\t\t<a href='#lukasz-rysiak' title='\u0141ukasz Rysiak'><img alt='' src='https:\/\/secure.gravatar.com\/avatar\/ba9eca6ba369673c91c6e45ade188f6c1b1bf73595d903276e995b02d5f35244?s=48&#038;d=mm&#038;r=g' srcset='https:\/\/secure.gravatar.com\/avatar\/ba9eca6ba369673c91c6e45ade188f6c1b1bf73595d903276e995b02d5f35244?s=96&#038;d=mm&#038;r=g 2x' class='avatar avatar-48 photo' height='48' width='48' \/><\/a>\t\t\t\t\t\t\t<a href='#lukasz-wiecek' title='\u0141ukasz Wi\u0119cek'><img alt='' src='https:\/\/secure.gravatar.com\/avatar\/f20f7f4ce31be3892bdd08bb4ac4ef39f934c7efe377b09d8d9a872873861df5?s=48&#038;d=mm&#038;r=g' srcset='https:\/\/secure.gravatar.com\/avatar\/f20f7f4ce31be3892bdd08bb4ac4ef39f934c7efe377b09d8d9a872873861df5?s=96&#038;d=mm&#038;r=g 2x' class='avatar avatar-48 photo' height='48' width='48' \/><\/a>\t\t\t\t\t\t\t<a href='#maciej-kuchnik' title='Maciej Kuchnik'><img alt='' src='https:\/\/secure.gravatar.com\/avatar\/ed87749cddcc8095bb394be81654d406f4df1b60fe2dfffb1dfa9df4dd746223?s=48&#038;d=mm&#038;r=g' srcset='https:\/\/secure.gravatar.com\/avatar\/ed87749cddcc8095bb394be81654d406f4df1b60fe2dfffb1dfa9df4dd746223?s=96&#038;d=mm&#038;r=g 2x' class='avatar avatar-48 photo' height='48' width='48' \/><\/a>\t\t\t\t\t\t\t<a href='#marcin-pietrzak' title='Marcin Pietrzak'><img alt='' src='https:\/\/secure.gravatar.com\/avatar\/d94ad63008d2a5a648895ac9e46fbae10802bf428cf0c49e2eb560280d6b310b?s=48&#038;d=mm&#038;r=g' srcset='https:\/\/secure.gravatar.com\/avatar\/d94ad63008d2a5a648895ac9e46fbae10802bf428cf0c49e2eb560280d6b310b?s=96&#038;d=mm&#038;r=g 2x' class='avatar avatar-48 photo' height='48' width='48' \/><\/a>\t\t\t\t\t\t\t<a href='#marek-kowal' title='Marek Kowal'><img alt='' src='https:\/\/secure.gravatar.com\/avatar\/?s=48&#038;d=mm&#038;r=g' srcset='https:\/\/secure.gravatar.com\/avatar\/?s=96&#038;d=mm&#038;r=g 2x' class='avatar avatar-48 photo avatar-default' height='48' width='48' \/><\/a>\t\t\t\t\t\t\t<a href='#michael-stanowski' title='Michael Stanowski'><img alt='' src='https:\/\/secure.gravatar.com\/avatar\/?s=48&#038;d=mm&#038;r=g' srcset='https:\/\/secure.gravatar.com\/avatar\/?s=96&#038;d=mm&#038;r=g 2x' class='avatar avatar-48 photo avatar-default' height='48' width='48' \/><\/a>\t\t\t\t\t\t\t<a href='#michal-zuk' title='Micha\u0142 \u017buk'><img alt='' src='https:\/\/secure.gravatar.com\/avatar\/5a10e97fca2e76634111f835342fa047e04d4272fef25de55ce48d075d317267?s=48&#038;d=mm&#038;r=g' srcset='https:\/\/secure.gravatar.com\/avatar\/5a10e97fca2e76634111f835342fa047e04d4272fef25de55ce48d075d317267?s=96&#038;d=mm&#038;r=g 2x' class='avatar avatar-48 photo' height='48' width='48' \/><\/a>\t\t\t\t\t\t\t<a href='#pawel-pela' title='Pawe\u0142 Pela'><img alt='' src='https:\/\/secure.gravatar.com\/avatar\/19e1ef8d0a6621ed33d3032dc2c6fdcd7d62047e308bd5562adb204ae0e288df?s=48&#038;d=mm&#038;r=g' srcset='https:\/\/secure.gravatar.com\/avatar\/19e1ef8d0a6621ed33d3032dc2c6fdcd7d62047e308bd5562adb204ae0e288df?s=96&#038;d=mm&#038;r=g 2x' class='avatar avatar-48 photo' height='48' width='48' \/><\/a>\t\t\t\t\t\t\t<a href='#tomasz-dziuda' title='Tomasz Dziuda'><img alt='' src='https:\/\/secure.gravatar.com\/avatar\/39374f1d08aebb652e589ea0237237b0c9389c615056e4988801db209c7b8502?s=48&#038;d=mm&#038;r=g' srcset='https:\/\/secure.gravatar.com\/avatar\/39374f1d08aebb652e589ea0237237b0c9389c615056e4988801db209c7b8502?s=96&#038;d=mm&#038;r=g 2x' class='avatar avatar-48 photo' height='48' width='48' \/><\/a>\t\t\t\t\t\t<\/p>\n\t\t<\/div>\n\n\t\t\t\t\n\t\t<div class=\"cpt-loop speakers\">\n\t\t\t<div class=\"grid_6 alpha\">\n\n\t\t\t\t\n\t\t\t\t\t\n\t\t\t\t\t<div id=\"adam-selin\" class=\"speaker clearfix odd post-499 wcb_speaker type-wcb_speaker status-publish hentry\" >\n\t\t\t\t\t\t<h3 class=\"entry-title speaker-name\">Adam Selin<\/h3>\n\t\t\t\t\t\t<div class=\"entry-content speaker-bio\">\n\t\t\t\t\t\t<img alt='' src='https:\/\/secure.gravatar.com\/avatar\/d2f145eb03b6cfb0fc1ed427a61d4818a6cf73e77930e09cbeed92567fc6db88?s=102&#038;d=mm&#038;r=g' srcset='https:\/\/secure.gravatar.com\/avatar\/d2f145eb03b6cfb0fc1ed427a61d4818a6cf73e77930e09cbeed92567fc6db88?s=204&#038;d=mm&#038;r=g 2x' class='avatar avatar-102 photo' height='102' width='102' \/><p>Wielki zwolennik wirtualizacji, przede wszystkim chmur obliczeniowych. Mi\u0142o\u015bnik open source oraz optymalizacji serwer\u00f3w (nie lubi skrypt\u00f3w typu &#8222;RamHog&#8221;, kt\u00f3re s\u0105 \u017ale zoptymalizowane i ch\u0119tnie podjadaj\u0105 du\u017ce ilo\u015bci pami\u0119ci). Od 15 roku \u017cycia zwi\u0105zany z bran\u017c\u0105 Web Hostingow\u0105 i od zawsze samouk. Ceni sobie dobre whiskey w doborowym towarzystwie. S\u0142ucha epic rocku, power metalu, symphonic metalu. Prywatnie weso\u0142a osoba z dystansem do siebie, kt\u00f3ra wolny czas sp\u0119dza ze znajomymi. Interesuje si\u0119 tak\u017ce rynkiem gier MMORPG. Administrator z pasji.<\/p>\n\t\t\t\t\t\t<\/div>\n\t\t\t\t\t<\/div>\n\t\t\t\t\n\t\t\t\t\t\n\t\t\t\t\t<div id=\"arkadiusz-podlaski\" class=\"speaker clearfix even post-574 wcb_speaker type-wcb_speaker status-publish hentry\" >\n\t\t\t\t\t\t<h3 class=\"entry-title speaker-name\">Arkadiusz Podlaski<\/h3>\n\t\t\t\t\t\t<div class=\"entry-content speaker-bio\">\n\t\t\t\t\t\t<img alt='' src='https:\/\/secure.gravatar.com\/avatar\/54ad9953b837a35cff96f2f6dde5c322e7d978e299b0fa82fcefd963ce01dc3b?s=102&#038;d=mm&#038;r=g' srcset='https:\/\/secure.gravatar.com\/avatar\/54ad9953b837a35cff96f2f6dde5c322e7d978e299b0fa82fcefd963ce01dc3b?s=204&#038;d=mm&#038;r=g 2x' class='avatar avatar-102 photo' height='102' width='102' \/><p>W\u0142a\u015bciciel agencji interaktywnej Webito.pl. Od wielu lat specjalizuje si\u0119 w marketingu internetowym. Do\u015bwiadczenia zdobywa\u0142 m.in. jako marketing project manager w wydawnictwie Z\u0142ote My\u015bli i specjalista SEO\/SEM w grupie serwis\u00f3w og\u0142oszeniowych Gratka.pl. Kolejne sukcesy osi\u0105ga\u0142 w sp\u00f3\u0142ce Gratka Technologie, pracuj\u0105c nad zaawansowanymi projektami technologicznymi z obszaru SEO i Social Media. Obecnie wsp\u00f3\u0142pracuje z grup\u0105 wydawnicz\u0105 Polskapresse. Swoj\u0105 wiedz\u0105 dzieli si\u0119 r\u00f3wnie\u017c na \u0142amach bloga ArkadiuszPodlaski.pl oraz w postaci ksi\u0105\u017cek i szkole\u0144.<\/p>\n\t\t\t\t\t\t<\/div>\n\t\t\t\t\t<\/div>\n\t\t\t\t\n\t\t\t\t\t\n\t\t\t\t\t<div id=\"arkadiusz-steplowski\" class=\"speaker clearfix odd post-271 wcb_speaker type-wcb_speaker status-publish hentry\" >\n\t\t\t\t\t\t<h3 class=\"entry-title speaker-name\">Arkadiusz St\u0119plowski<\/h3>\n\t\t\t\t\t\t<div class=\"entry-content speaker-bio\">\n\t\t\t\t\t\t<img alt='' src='https:\/\/secure.gravatar.com\/avatar\/936854a95cbb194f1beb45f702f5de00ff32e20b8356a12370cb86f9b27b5a57?s=102&#038;d=mm&#038;r=g' srcset='https:\/\/secure.gravatar.com\/avatar\/936854a95cbb194f1beb45f702f5de00ff32e20b8356a12370cb86f9b27b5a57?s=204&#038;d=mm&#038;r=g 2x' class='avatar avatar-102 photo' height='102' width='102' \/><p>Dinozaur pami\u0119taj\u0105cy czasy LOAD &#8222;*&#8221;,8,1 oraz szcz\u0119\u015bliwy posiadacz BBS-a przez tydzie\u0144. Wizjoner, z \u017calem w sercu obserwuj\u0105cy jak &#8222;dziki zach\u00f3d&#8221; internetu upada na kolana pod wp\u0142ywem polityk\u00f3w i korporacji. Aktualnie mened\u017cer informacji zarz\u0105dzaj\u0105cy tre\u015bci\u0105 w kilku projektach r\u00f3\u017cnej wielko\u015bci. Wyznawca synergii oraz Pastafarianizmu. Bloger z zami\u0142owania.<\/p>\n\t\t\t\t\t\t<\/div>\n\t\t\t\t\t<\/div>\n\t\t\t\t\n\t\t\t\t\t\n\t\t\t\t\t<div id=\"daniel-dudzic\" class=\"speaker clearfix even post-50 wcb_speaker type-wcb_speaker status-publish hentry\" >\n\t\t\t\t\t\t<h3 class=\"entry-title speaker-name\">Daniel Dudzic<\/h3>\n\t\t\t\t\t\t<div class=\"entry-content speaker-bio\">\n\t\t\t\t\t\t<img alt='' src='https:\/\/secure.gravatar.com\/avatar\/b689767c4b308b8f5910cef3a2f44c2acdadcb3b63326b0d5c865d2c208c668e?s=102&#038;d=mm&#038;r=g' srcset='https:\/\/secure.gravatar.com\/avatar\/b689767c4b308b8f5910cef3a2f44c2acdadcb3b63326b0d5c865d2c208c668e?s=204&#038;d=mm&#038;r=g 2x' class='avatar avatar-102 photo' height='102' width='102' \/><p>Przygod\u0119 z WordPressem i freelancingiem zacz\u0105\u0142 zaraz po sko\u0144czeniu liceum. Pracowa\u0142 dla firm i klient\u00f3w prywatnych z Polski, USA, RPA, i Brazylii. Pasjonat nowych technologii, designu i typografii. Wielki fanatyk WordPressa. Na co dzie\u0144, student kierunku Multimedia Design and Communication w Danii, oraz Webdeveloper i Support Ninja w <a href=\"http:\/\/www.woothemes.com\" target=\"_blank\">WooThemes<\/a>. Zamiast kawy pija <a href=\"http:\/\/pl.wikipedia.org\/wiki\/Yerba_mate\">Yerba Mate<\/a>.<\/p>\n\t\t\t\t\t\t<\/div>\n\t\t\t\t\t<\/div>\n\t\t\t\t\n\t\t\t\t\t\n\t\t\t\t\t<div id=\"katarzyna-karus\" class=\"speaker clearfix odd post-781 wcb_speaker type-wcb_speaker status-publish hentry\" >\n\t\t\t\t\t\t<h3 class=\"entry-title speaker-name\">Katarzyna Karus<\/h3>\n\t\t\t\t\t\t<div class=\"entry-content speaker-bio\">\n\t\t\t\t\t\t<img alt='' src='https:\/\/secure.gravatar.com\/avatar\/3ec68ee6b77aeb9b472ef80ef660721b322efa6849127f2824a04a14e937bfcf?s=102&#038;d=mm&#038;r=g' srcset='https:\/\/secure.gravatar.com\/avatar\/3ec68ee6b77aeb9b472ef80ef660721b322efa6849127f2824a04a14e937bfcf?s=204&#038;d=mm&#038;r=g 2x' class='avatar avatar-102 photo' height='102' width='102' \/><p>W\u0142a\u015bcicielka studia interaktywnego Hello! Studio, gdzie zajmuje si\u0119 g\u0142\u00f3wnie projektowaniem UX. Co-founder Sugentum, startupa, kt\u00f3ry mocno namiesza w e-commerce. Dziwn\u0105 przyjemno\u015b\u0107 czerpie z testowania interfejs\u00f3w i obserwowania reakcji klient\u00f3w na przedstawiane wyniki. Twierdzi, \u017ce nic nie jest niemo\u017cliwe i t\u0105 zasad\u0105 kieruje si\u0119 w codziennej pracy, najcz\u0119\u015bciej z wykorzystaniem WordPress. Wolne chwile sp\u0119dza w kuchni i na torze gokartowym. <\/p>\n\t\t\t\t\t\t<\/div>\n\t\t\t\t\t<\/div>\n\t\t\t\t\n\t\t\t\t\t\n\t\t\t\t\t<div id=\"kim-gjerstad\" class=\"speaker clearfix even post-804 wcb_speaker type-wcb_speaker status-publish hentry\" >\n\t\t\t\t\t\t<h3 class=\"entry-title speaker-name\">Kim Gjerstad<\/h3>\n\t\t\t\t\t\t<div class=\"entry-content speaker-bio\">\n\t\t\t\t\t\t<img alt='' src='https:\/\/secure.gravatar.com\/avatar\/390a731662a4ef44d7edcff8db1fac932d59d7ce2e7cc6bf62fa3df64da455e1?s=102&#038;d=mm&#038;r=g' srcset='https:\/\/secure.gravatar.com\/avatar\/390a731662a4ef44d7edcff8db1fac932d59d7ce2e7cc6bf62fa3df64da455e1?s=204&#038;d=mm&#038;r=g 2x' class='avatar avatar-102 photo' height='102' width='102' \/><p>Kim works on a newsletter and post notification plugin called <a href=\"http:\/\/wordpress.org\/extend\/plugins\/wysija-newsletters\/\" target=\"_blank\">Wysija: what you send is just awesome!<\/a>. He lives in France, was born in San Francisco, raised in Maputo and Montr\u00e9al. His home was Kinshasa for 5 years. After all that, he fell in love with WordPress. And has been living online ever since.<\/p>\n\t\t\t\t\t\t<\/div>\n\t\t\t\t\t<\/div>\n\t\t\t\t\n\t\t\t\t\t\n\t\t\t\t\t<div id=\"konrad-karpieszuk\" class=\"speaker clearfix odd post-796 wcb_speaker type-wcb_speaker status-publish hentry\" >\n\t\t\t\t\t\t<h3 class=\"entry-title speaker-name\">Konrad Karpieszuk<\/h3>\n\t\t\t\t\t\t<div class=\"entry-content speaker-bio\">\n\t\t\t\t\t\t<img alt='' src='https:\/\/secure.gravatar.com\/avatar\/944a755d72d33d3100e762ab4ef7a1c8920240f3e82c167923eeb7b7c41d30c2?s=102&#038;d=mm&#038;r=g' srcset='https:\/\/secure.gravatar.com\/avatar\/944a755d72d33d3100e762ab4ef7a1c8920240f3e82c167923eeb7b7c41d30c2?s=204&#038;d=mm&#038;r=g 2x' class='avatar avatar-102 photo' height='102' width='102' \/><p>Jak ka\u017cdy chyba tutaj zacz\u0105\u0142em po prostu od blogowania. WordPress jednak tak mnie zafascynowa\u0142, \u017ce szybko zabra\u0142em si\u0119 za tworzenie stron na nim opartych. P\u00f3\u017aniej przyszed\u0142 czas na pisanie poradnik\u00f3w z nim zwi\u0105zanych, zdarzy\u0142a si\u0119 nawet ksi\u0105\u017cka. Wsp\u00f3\u0142organizowa\u0142em pierwszy polski WordCamp. Opiekuj\u0119 si\u0119 serwisem WPzlecenia.pl oraz <a href=\"http:\/\/dev.wpzlecenia.pl\" title=\"Dev.WpZlecenia.pl\" target=\"_blank\">dev.WPzlecenia.pl<\/a><\/p>\n\t\t\t\t\t\t<\/div>\n\t\t\t\t\t<\/div>\n\t\t\t\t\n\t\t\t\t\t<\/div><div class=\"grid_6 omega\">\n\t\t\t\t\t<div id=\"lukasz-rysiak\" class=\"speaker clearfix even post-520 wcb_speaker type-wcb_speaker status-publish hentry\" >\n\t\t\t\t\t\t<h3 class=\"entry-title speaker-name\">\u0141ukasz Rysiak<\/h3>\n\t\t\t\t\t\t<div class=\"entry-content speaker-bio\">\n\t\t\t\t\t\t<img alt='' src='https:\/\/secure.gravatar.com\/avatar\/ba9eca6ba369673c91c6e45ade188f6c1b1bf73595d903276e995b02d5f35244?s=102&#038;d=mm&#038;r=g' srcset='https:\/\/secure.gravatar.com\/avatar\/ba9eca6ba369673c91c6e45ade188f6c1b1bf73595d903276e995b02d5f35244?s=204&#038;d=mm&#038;r=g 2x' class='avatar avatar-102 photo' height='102' width='102' \/><p>Przez d\u0142ugi czas by\u0142em szefem IT w Nextweb Media (gadzetomania.pl, natemat.pl, abczdrowie.pl) gdzie szlifowa\u0142em swoje umiej\u0119tno\u015bci zwi\u0105zane z WP, g\u0142\u00f3wnie w zakresie optymalizacji wydajno\u015bci. Oko\u0142o rok temu zaj\u0105\u0142em si\u0119 w\u0142asn\u0105 dzia\u0142alno\u015bci\u0105, skupiaj\u0105c\u0105 si\u0119 w ok\u00f3\u0142 <a href=\"http:\/\/critical.pl\/analityka-ruchu-internetowego\/?utm_source=wordcamp&amp;utm_medium=bio&amp;utm_campaign=2012_gdansk\" target=\"_blank\">analityki internetowej<\/a>. Pracuj\u0105c przy du\u017cych serwisach, zawsze pojawiaj\u0105 si\u0119 pytania o to, sk\u0105d bierze si\u0119 ruch, w jaki spos\u00f3b u\u017cytkownicy chodz\u0105 po stronie, co jest dla nich interesuj\u0105ce, sk\u0105d si\u0119 bior\u0105 zmiany w statystykach, kt\u00f3re parametry s\u0105 tak naprawd\u0119 warto\u015bci\u0105 dla serwisu &#8211; na te pytania mo\u017cemy odpowiedzie\u0107 dzi\u0119ki analityce i w\u0142a\u015bnie to sprawia, \u017ce jest ona tak fascynuj\u0105ca.<\/p>\n\t\t\t\t\t\t<\/div>\n\t\t\t\t\t<\/div>\n\t\t\t\t\n\t\t\t\t\t\n\t\t\t\t\t<div id=\"lukasz-wiecek\" class=\"speaker clearfix odd post-17 wcb_speaker type-wcb_speaker status-publish hentry\" >\n\t\t\t\t\t\t<h3 class=\"entry-title speaker-name\">\u0141ukasz Wi\u0119cek<\/h3>\n\t\t\t\t\t\t<div class=\"entry-content speaker-bio\">\n\t\t\t\t\t\t<img alt='' src='https:\/\/secure.gravatar.com\/avatar\/f20f7f4ce31be3892bdd08bb4ac4ef39f934c7efe377b09d8d9a872873861df5?s=102&#038;d=mm&#038;r=g' srcset='https:\/\/secure.gravatar.com\/avatar\/f20f7f4ce31be3892bdd08bb4ac4ef39f934c7efe377b09d8d9a872873861df5?s=204&#038;d=mm&#038;r=g 2x' class='avatar avatar-102 photo' height='102' width='102' \/><p>Z wykszta\u0142cenia elektronik, z zami\u0142owania WordPressowiec i majsterkowicz z pasji. Blogowaniem zajmuje si\u0119 od 8 lat, jednak wszystkie jego stare blogi zosta\u0142y ostatnio przy\u0107mione przez nowe dziecko &#8211; <a href=\"http:\/\/majsterkowo.pl\" title=\"Majsterkowo\" target=\"_blank\">Majsterkowo.pl<\/a><\/p>\n\t\t\t\t\t\t<\/div>\n\t\t\t\t\t<\/div>\n\t\t\t\t\n\t\t\t\t\t\n\t\t\t\t\t<div id=\"maciej-kuchnik\" class=\"speaker clearfix even post-578 wcb_speaker type-wcb_speaker status-publish hentry\" >\n\t\t\t\t\t\t<h3 class=\"entry-title speaker-name\">Maciej Kuchnik<\/h3>\n\t\t\t\t\t\t<div class=\"entry-content speaker-bio\">\n\t\t\t\t\t\t<img alt='' src='https:\/\/secure.gravatar.com\/avatar\/ed87749cddcc8095bb394be81654d406f4df1b60fe2dfffb1dfa9df4dd746223?s=102&#038;d=mm&#038;r=g' srcset='https:\/\/secure.gravatar.com\/avatar\/ed87749cddcc8095bb394be81654d406f4df1b60fe2dfffb1dfa9df4dd746223?s=204&#038;d=mm&#038;r=g 2x' class='avatar avatar-102 photo' height='102' width='102' \/><p>Od kilku lat zwi\u0105zany z WordPressem, zaczyna\u0142 od prostych wtyczek na potrzeby portalu mojabochnia.pl, dzi\u015b prowadzi firm\u0119 zajmuj\u0105c\u0105 si\u0119 kompleksowymi wdro\u017ceniami WordPressa &#8211; indelso.pl. Na bazie WordPressa tworzy r\u00f3\u017cne projekty, od prostych firmowych stron, przez portale, ko\u0144cz\u0105c na aplikacjach webowych.<\/p>\n\t\t\t\t\t\t<\/div>\n\t\t\t\t\t<\/div>\n\t\t\t\t\n\t\t\t\t\t\n\t\t\t\t\t<div id=\"marcin-pietrzak\" class=\"speaker clearfix odd post-12 wcb_speaker type-wcb_speaker status-publish hentry\" >\n\t\t\t\t\t\t<h3 class=\"entry-title speaker-name\">Marcin Pietrzak<\/h3>\n\t\t\t\t\t\t<div class=\"entry-content speaker-bio\">\n\t\t\t\t\t\t<img alt='' src='https:\/\/secure.gravatar.com\/avatar\/d94ad63008d2a5a648895ac9e46fbae10802bf428cf0c49e2eb560280d6b310b?s=102&#038;d=mm&#038;r=g' srcset='https:\/\/secure.gravatar.com\/avatar\/d94ad63008d2a5a648895ac9e46fbae10802bf428cf0c49e2eb560280d6b310b?s=204&#038;d=mm&#038;r=g 2x' class='avatar avatar-102 photo' height='102' width='102' \/><p>Entuzjasta i ewangelista WordPressa z kt\u00f3rym jest mocno zwi\u0105zany zawodowo i hobbystycznie, dzi\u0119ki czemu robi to co uwielbia. Na codzie\u0144 opiekuje sie<br \/>\nnajwieksz\u0105 w Polsce, pod wzgl\u0119dem ruchu, sieci\u0105 serwis\u00f3w opartych w\u0142a\u015bnie na WP. Sta\u0142y uczestnik WordCamp\u00f3w, w \u0141odzi jako s\u0142uchacz, w Poznaniu jako prowadz\u0105cy. Od 12 lat prowadzi w\u0142asn\u0105, jednoosobow\u0105 firm\u0119: <a href=\"http:\/\/iworks.pl\/?utm_source=wordcamp&amp;utm_medium=prelengent&amp;utm_campaign=2012-gdansk\" target=\"_blank\">iWorks<\/a>, skupiaj\u0105c si\u0119 przez ostatnie kilka lat na wdro\u017ceniach WordPressa, u\u017cywaj\u0105c go tak, jak nigdy nie przypuszcza\u0142, \u017ce mo\u017cna go u\u017cy\u0107.<\/p>\n\t\t\t\t\t\t<\/div>\n\t\t\t\t\t<\/div>\n\t\t\t\t\n\t\t\t\t\t\n\t\t\t\t\t<div id=\"marek-kowal\" class=\"speaker clearfix even post-904 wcb_speaker type-wcb_speaker status-publish hentry\" >\n\t\t\t\t\t\t<h3 class=\"entry-title speaker-name\">Marek Kowal<\/h3>\n\t\t\t\t\t\t<div class=\"entry-content speaker-bio\">\n\t\t\t\t\t\t<img alt='' src='https:\/\/secure.gravatar.com\/avatar\/?s=102&#038;d=mm&#038;r=g' srcset='https:\/\/secure.gravatar.com\/avatar\/?s=204&#038;d=mm&#038;r=g 2x' class='avatar avatar-102 photo avatar-default' height='102' width='102' \/><p>Od 12 lat zwi\u0105zany z Portalem Onet.pl. Zaczyna\u0142 prac\u0119 jako administrator, aktualnie pracuje na stanowisku dyrektora Departamentu IT. Fan nowych technologii oraz nowych gadget\u00f3w. W wolnym czasie gotuje i czyta ksi\u0105\u017cki.<\/p>\n\t\t\t\t\t\t<\/div>\n\t\t\t\t\t<\/div>\n\t\t\t\t\n\t\t\t\t\t\n\t\t\t\t\t<div id=\"michael-stanowski\" class=\"speaker clearfix odd post-1030830 wcb_speaker type-wcb_speaker status-publish hentry\" >\n\t\t\t\t\t\t<h3 class=\"entry-title speaker-name\">Michael Stanowski<\/h3>\n\t\t\t\t\t\t<div class=\"entry-content speaker-bio\">\n\t\t\t\t\t\t<img alt='' src='https:\/\/secure.gravatar.com\/avatar\/?s=102&#038;d=mm&#038;r=g' srcset='https:\/\/secure.gravatar.com\/avatar\/?s=204&#038;d=mm&#038;r=g 2x' class='avatar avatar-102 photo avatar-default' height='102' width='102' \/>\t\t\t\t\t\t<\/div>\n\t\t\t\t\t<\/div>\n\t\t\t\t\n\t\t\t\t\t\n\t\t\t\t\t<div id=\"michal-zuk\" class=\"speaker clearfix even post-14 wcb_speaker type-wcb_speaker status-publish hentry\" >\n\t\t\t\t\t\t<h3 class=\"entry-title speaker-name\">Micha\u0142 \u017buk<\/h3>\n\t\t\t\t\t\t<div class=\"entry-content speaker-bio\">\n\t\t\t\t\t\t<img alt='' src='https:\/\/secure.gravatar.com\/avatar\/5a10e97fca2e76634111f835342fa047e04d4272fef25de55ce48d075d317267?s=102&#038;d=mm&#038;r=g' srcset='https:\/\/secure.gravatar.com\/avatar\/5a10e97fca2e76634111f835342fa047e04d4272fef25de55ce48d075d317267?s=204&#038;d=mm&#038;r=g 2x' class='avatar avatar-102 photo' height='102' width='102' \/><p>Cz\u0142owiek orkiestra. Od wielu lat fan i propagator WordPressa. Szczeg\u00f3lnie zainteresowany wykorzystaniem WordPressa jako frameworka do budowy aplikacji internetowych. Obecnie prowadzi w\u0142asn\u0105 dzia\u0142alno\u015b\u0107 pomagaj\u0105c firmom z sektora MSP w projektach informatycznych i marketingowych. <\/p>\n\t\t\t\t\t\t<\/div>\n\t\t\t\t\t<\/div>\n\t\t\t\t\n\t\t\t\t\t\n\t\t\t\t\t<div id=\"pawel-pela\" class=\"speaker clearfix odd post-276 wcb_speaker type-wcb_speaker status-publish hentry\" >\n\t\t\t\t\t\t<h3 class=\"entry-title speaker-name\">Pawe\u0142 Pela<\/h3>\n\t\t\t\t\t\t<div class=\"entry-content speaker-bio\">\n\t\t\t\t\t\t<img alt='' src='https:\/\/secure.gravatar.com\/avatar\/19e1ef8d0a6621ed33d3032dc2c6fdcd7d62047e308bd5562adb204ae0e288df?s=102&#038;d=mm&#038;r=g' srcset='https:\/\/secure.gravatar.com\/avatar\/19e1ef8d0a6621ed33d3032dc2c6fdcd7d62047e308bd5562adb204ae0e288df?s=204&#038;d=mm&#038;r=g 2x' class='avatar avatar-102 photo' height='102' width='102' \/><p>Freelancer, od prawie dw\u00f3ch lat zawodowo zajmuje si\u0119 tworzeniem serwis\u00f3w opartych na WordPress. Lubi opowiada\u0107. Na zesz\u0142orocznym WordCampie w Poznaniu zdoby\u0142 serca s\u0142uchaczy i tytu\u0142 najlepszy z najlepszych w\u015br\u00f3d prelegent\u00f3w swoim wyst\u0105pieniem na temat pracy freelancera. Nied\u0142ugo tak\u017ce wyk\u0142adowca na studiach podyplomowych z zakresu PR w sieci na WSAiB w Gdyni. Ma na dysku folder &#8222;Szaleni Klienci&#8221;, w kt\u00f3rym trzyma maile od bardzo dziwnych os\u00f3b.<\/p>\n\t\t\t\t\t\t<\/div>\n\t\t\t\t\t<\/div>\n\t\t\t\t\n\t\t\t\t\t\n\t\t\t\t\t<div id=\"tomasz-dziuda\" class=\"speaker clearfix even post-562 wcb_speaker type-wcb_speaker status-publish hentry\" >\n\t\t\t\t\t\t<h3 class=\"entry-title speaker-name\">Tomasz Dziuda<\/h3>\n\t\t\t\t\t\t<div class=\"entry-content speaker-bio\">\n\t\t\t\t\t\t<img alt='' src='https:\/\/secure.gravatar.com\/avatar\/39374f1d08aebb652e589ea0237237b0c9389c615056e4988801db209c7b8502?s=102&#038;d=mm&#038;r=g' srcset='https:\/\/secure.gravatar.com\/avatar\/39374f1d08aebb652e589ea0237237b0c9389c615056e4988801db209c7b8502?s=204&#038;d=mm&#038;r=g 2x' class='avatar avatar-102 photo' height='102' width='102' \/><p>Lead developer w GavickPro. Swoj\u0105 przygod\u0119 z WordPressem zacz\u0105\u0142 kilka lat temu &#8211; r\u00f3wnolegle z Joomla!. Od zawsze uwa\u017ca\u0142, \u017ce ka\u017cdy z tych CMS\u00f3w ma swoje zalety i wady. Obecnie jego g\u0142\u00f3wnym celem jest przenoszenie najlepszych cech obu CMS\u00f3w mi\u0119dzy frameworkami Gavern oraz GavernWP.<\/p>\n\t\t\t\t\t\t<\/div>\n\t\t\t\t\t<\/div>\n\t\t\t\t\n\t\t\t<\/div>\n\t\t<\/div>\n\n\t\t\n","protected":false},"excerpt":{"rendered":"<p>Prelegenci to z\u0142oto ka\u017cdej konferencji i WordCamp nie nale\u017cy do wyj\u0105tk\u00f3w. Poni\u017cej przedstawiamy kr\u00f3tkie informacje o ka\u017cdym, kto zechcia\u0142 podzieli\u0107 si\u0119 z nami swoj\u0105 wiedz\u0105.<\/p>\n","protected":false},"author":7694169,"featured_media":0,"parent":0,"menu_order":0,"comment_status":"open","ping_status":"open","template":"template-full-width.php","meta":{"jetpack_post_was_ever_published":false,"footnotes":""},"class_list":["post-2","page","type-page","status-publish","hentry"],"jetpack_sharing_enabled":false,"jetpack_shortlink":"https:\/\/wp.me\/P2GnQ0-2","_links":{"self":[{"href":"https:\/\/gdansk.wordcamp.org\/2012\/wp-json\/wp\/v2\/pages\/2","targetHints":{"allow":["GET"]}}],"collection":[{"href":"https:\/\/gdansk.wordcamp.org\/2012\/wp-json\/wp\/v2\/pages"}],"about":[{"href":"https:\/\/gdansk.wordcamp.org\/2012\/wp-json\/wp\/v2\/types\/page"}],"author":[{"embeddable":true,"href":"https:\/\/gdansk.wordcamp.org\/2012\/wp-json\/wp\/v2\/users\/7694169"}],"replies":[{"embeddable":true,"href":"https:\/\/gdansk.wordcamp.org\/2012\/wp-json\/wp\/v2\/comments?post=2"}],"version-history":[{"count":28,"href":"https:\/\/gdansk.wordcamp.org\/2012\/wp-json\/wp\/v2\/pages\/2\/revisions"}],"predecessor-version":[{"id":1080,"href":"https:\/\/gdansk.wordcamp.org\/2012\/wp-json\/wp\/v2\/pages\/2\/revisions\/1080"}],"wp:attachment":[{"href":"https:\/\/gdansk.wordcamp.org\/2012\/wp-json\/wp\/v2\/media?parent=2"}],"curies":[{"name":"wp","href":"https:\/\/api.w.org\/{rel}","templated":true}]}}