{"id":60,"date":"2012-09-05T13:52:27","date_gmt":"2012-09-05T11:52:27","guid":{"rendered":"https:\/\/2012.gdansk.wordcamp.org\/?page_id=60"},"modified":"2012-10-26T14:38:38","modified_gmt":"2012-10-26T12:38:38","slug":"prelekcje","status":"publish","type":"page","link":"https:\/\/gdansk.wordcamp.org\/2012\/prelekcje\/","title":{"rendered":"Prelekcje"},"content":{"rendered":"<div>Poni\u017cej znajdziecie list\u0119 prelekcji wyg\u0142oszonych (lub nie) na WordCampie. Ka\u017cda prelekcja ma swoj\u0105 podstron\u0119 na kt\u00f3rej znajdziecie dodatkowe materia\u0142y takie jak prezentacje, skrypty itp. <\/div>\n<div class=\"cpt-loop sessions\">\n<div class=\"grid_6 alpha\">\n<div class=\"post-71 wcb_session type-wcb_session status-publish hentry session\">\n<h3 class=\"entry-title session-title\"><a href=\"https:\/\/2012.gdansk.wordcamp.org\/session\/zarabianie-na-wtyczkach\/\" title=\"Permalink to Zarabianie na wtyczkach &#8211; to wcale nie takie trudne!\" rel=\"bookmark\">Zarabianie na wtyczkach &#8211; to wcale nie takie trudne!<\/a><\/h3>\n<div class=\"entry-meta session-speakers\">\n\t\t\t\t\t\t\tPresented by \u0141ukasz Wi\u0119cek <span class=\"meta-sep meta-sep-bull\">&bull;<\/span> Chillout Track <span class=\"meta-sep meta-sep-bull\">&bull;<\/span> <span class=\"edit-link\"><a class=\"post-edit-link\" href=\"https:\/\/2012.gdansk.wordcamp.org\/wp-admin\/post.php?post=71&amp;action=edit\" title=\"Edit Session\">Edit<\/a><\/span>\t\t\t\t\t\t<\/div>\n<div class=\"entry-content session-description\">\n<p>Wprowadzenie do tematu zarabiania na wtyczkach do WordPressa &#8211; pocz\u0105wszy od samego przygotowania strategii sprzeda\u017cy, po przygotowanie wtyczki od strony technicznej do sprzeda\u017cy i automatycznego licencjonowania przy p\u0142atno\u015bciach za po\u015brednictwem serwisu PayPal.<\/p>\n<\/p><\/div>\n<\/p><\/div>\n<div class=\"post-613 wcb_session type-wcb_session status-publish hentry session\">\n<h3 class=\"entry-title session-title\"><a href=\"https:\/\/2012.gdansk.wordcamp.org\/session\/wp-cron-cykliczne-zadania-w-wordpressie\/\" title=\"Permalink to WP Cron &#8211;  cykliczne zadania w WordPressie\" rel=\"bookmark\">WP Cron &#8211;  cykliczne zadania w WordPressie<\/a><\/h3>\n<div class=\"entry-meta session-speakers\">\n\t\t\t\t\t\t\tPresented by Maciek Kuchnik <span class=\"meta-sep meta-sep-bull\">&bull;<\/span> Code Track <span class=\"meta-sep meta-sep-bull\">&bull;<\/span> <span class=\"edit-link\"><a class=\"post-edit-link\" href=\"https:\/\/2012.gdansk.wordcamp.org\/wp-admin\/post.php?post=613&amp;action=edit\" title=\"Edit Session\">Edit<\/a><\/span>\t\t\t\t\t\t<\/div>\n<div class=\"entry-content session-description\">\n<p>W prezentacji zostanie om\u00f3wiony wordpressowy harmonogram zada\u0144. WP-Cron pozwala zaplanowa\u0107 zadania kt\u00f3re b\u0119d\u0105 si\u0119 wykonywa\u0107 co pewien okres. Poka\u017c\u0119 na konkretnym przyk\u0142adzie w jaki sposob u\u017cywa\u0107 WP-Crona w swoich wtyczkach lub szablonach.<\/p>\n<\/p><\/div>\n<\/p><\/div>\n<div class=\"post-65 wcb_session type-wcb_session status-publish hentry session\">\n<h3 class=\"entry-title session-title\"><a href=\"https:\/\/2012.gdansk.wordcamp.org\/session\/woocommerce\/\" title=\"Permalink to WooFramework &#8211; silnik WooThemes praktycznie\" rel=\"bookmark\">WooFramework &#8211; silnik WooThemes praktycznie<\/a><\/h3>\n<div class=\"entry-meta session-speakers\">\n\t\t\t\t\t\t\tPresented by Daniel Dudzic <span class=\"meta-sep meta-sep-bull\">&bull;<\/span> Code Track <span class=\"meta-sep meta-sep-bull\">&bull;<\/span> <span class=\"edit-link\"><a class=\"post-edit-link\" href=\"https:\/\/2012.gdansk.wordcamp.org\/wp-admin\/post.php?post=65&amp;action=edit\" title=\"Edit Session\">Edit<\/a><\/span>\t\t\t\t\t\t<\/div>\n<div class=\"entry-content session-description\">\n<p>Ta prezentacja, przeznaczona jest nie tylko dla deweloper\u00f3w, ale r\u00f3wnie\u017c dla zwyk\u0142ych u\u017cytkownik\u00f3w WordPressa. Daniel postara si\u0119 w niej pokaza\u0107, czym jest WooFramework oraz jak w prosty spos\u00f3b wykorzysta\u0107 to, co jest w nim najlepsze. Od Panelu Opcji, Shortcod\u00f3w do u\u017cytecznych funkcji, akcji i filtr\u00f3w. Prelekcja, oparta jest na jego do\u015bwiadczeniach pracy jako freelancer oraz Support Ninja. <\/p>\n<\/p><\/div>\n<\/p><\/div>\n<div class=\"post-783 wcb_session type-wcb_session status-publish hentry session\">\n<h3 class=\"entry-title session-title\"><a href=\"https:\/\/2012.gdansk.wordcamp.org\/session\/uzytkownik-tez-czlowiek-czyli-usability-w-praktyce\/\" title=\"Permalink to U\u017cytkownik te\u017c cz\u0142owiek, czyli usability w praktyce\" rel=\"bookmark\">U\u017cytkownik te\u017c cz\u0142owiek, czyli usability w praktyce<\/a><\/h3>\n<div class=\"entry-meta session-speakers\">\n\t\t\t\t\t\t\tPresented by Katarzyna Karus <span class=\"meta-sep meta-sep-bull\">&bull;<\/span> Chillout Track <span class=\"meta-sep meta-sep-bull\">&bull;<\/span> <span class=\"edit-link\"><a class=\"post-edit-link\" href=\"https:\/\/2012.gdansk.wordcamp.org\/wp-admin\/post.php?post=783&amp;action=edit\" title=\"Edit Session\">Edit<\/a><\/span>\t\t\t\t\t\t<\/div>\n<div class=\"entry-content session-description\">\n<p>Prezentacja ma przede wszystkim zainteresowa\u0107 s\u0142uchaczy tematyk\u0105 usability. Po kr\u00f3tkim wprowadzeniu do zagadnienia na praktycznych przyk\u0142adach om\u00f3wi\u0119 swoisty dekalog ka\u017cdego projektanta interfejs\u00f3w. Przedstawi\u0119 r\u00f3wnie\u017c optymalny proces tworzenia stron w zale\u017cno\u015bci od dost\u0119pnego bud\u017cetu, a tak\u017ce narz\u0119dzia wspomagaj\u0105ce projektowanie. <\/p>\n<\/p><\/div>\n<\/p><\/div>\n<div class=\"post-63 wcb_session type-wcb_session status-publish hentry session\">\n<h3 class=\"entry-title session-title\"><a href=\"https:\/\/2012.gdansk.wordcamp.org\/session\/sprzataj-po-sobie\/\" title=\"Permalink to Sprz\u0105taj po sobie!\" rel=\"bookmark\">Sprz\u0105taj po sobie!<\/a><\/h3>\n<div class=\"entry-meta session-speakers\">\n\t\t\t\t\t\t\tPresented by Marcin Pietrzak <span class=\"meta-sep meta-sep-bull\">&bull;<\/span> Code Track <span class=\"meta-sep meta-sep-bull\">&bull;<\/span> <span class=\"edit-link\"><a class=\"post-edit-link\" href=\"https:\/\/2012.gdansk.wordcamp.org\/wp-admin\/post.php?post=63&amp;action=edit\" title=\"Edit Session\">Edit<\/a><\/span>\t\t\t\t\t\t<\/div>\n<div class=\"entry-content session-description\">\n<p>Prezentacja adresowana jest zar\u00f3wno do tw\u00f3rc\u00f3w wtyczek, jak i do ich u\u017cytkownik\u00f3w. Dla tych pierwszych b\u0119dzie to zestaw dobrych praktyk, jakie nale\u017cy umie\u015bci\u0107 w tworzonej wtyczce. U\u017cytkownicu znajd\u0105 kilka istotnych rzeczy na jakie warto zwr\u00f3ci\u0107 uwag\u0119 przy u\u017cywaniu, instalowaniu oraz usuwaniu u\u017cywanych wtyczek. Prezentacja obejmie kwestie zwi\u0105zane z wydajno\u015bci\u0105 serwisu, a pomijane zazwyczaj przy tego typu prezentacjach, czyli jak na wydajno\u015bc serwisu wp\u0142ywa to co przechowuj\u0105 w bazie wtyczki i dlaczego tak si\u0119 dzieje. Pokazane zostanie jaki wp\u0142yw na wydajno\u015b\u0107 mia\u0142 fakt sprz\u0105tni\u0119cia bazy danych po tym, co zostawi\u0142y po sobie, prawid\u0142owo wy\u0142\u0105czone, a nieprawid\u0142owo napisane wtyczki.<\/p>\n<\/p><\/div>\n<\/p><\/div>\n<div class=\"post-576 wcb_session type-wcb_session status-publish hentry session\">\n<h3 class=\"entry-title session-title\"><a href=\"https:\/\/2012.gdansk.wordcamp.org\/session\/pozycjonowanie-wordpressa\/\" title=\"Permalink to Pozycjonowanie WordPressa\" rel=\"bookmark\">Pozycjonowanie WordPressa<\/a><\/h3>\n<div class=\"entry-meta session-speakers\">\n\t\t\t\t\t\t\tPresented by Arkadiusz Podlaski <span class=\"meta-sep meta-sep-bull\">&bull;<\/span> Chillout Track <span class=\"meta-sep meta-sep-bull\">&bull;<\/span> <span class=\"edit-link\"><a class=\"post-edit-link\" href=\"https:\/\/2012.gdansk.wordcamp.org\/wp-admin\/post.php?post=576&amp;action=edit\" title=\"Edit Session\">Edit<\/a><\/span>\t\t\t\t\t\t<\/div>\n<div class=\"entry-content session-description\">\n<p>Nie od dzi\u015b wiadomo, \u017ce najwa\u017cniejszym \u017ar\u00f3d\u0142em ruchu dla stron internetowych s\u0105 najcz\u0119\u015bciej wyszukiwarki. W prezentacji zostan\u0105 om\u00f3wione najwa\u017cniejsze wtyczki SEO, kt\u00f3re warto wykorzysta\u0107 przy optymalizacji. Poznasz te\u017c najciekawsze techniki pozycjonowania, na bazie kt\u00f3rych Tw\u00f3j WordPress zdob\u0119dzie wysokie miejsca w Google.<\/p>\n<\/p><\/div>\n<\/p><\/div>\n<div class=\"post-533 wcb_session type-wcb_session status-publish hentry session\">\n<h3 class=\"entry-title session-title\"><a href=\"https:\/\/2012.gdansk.wordcamp.org\/session\/na-czym-wordpress-stoi-czyli-o-serwerach-slow-kilka\/\" title=\"Permalink to Na czym WordPress stoi. O serwerach s\u0142\u00f3w kilka\" rel=\"bookmark\">Na czym WordPress stoi. O serwerach s\u0142\u00f3w kilka<\/a><\/h3>\n<div class=\"entry-meta session-speakers\">\n\t\t\t\t\t\t\tPresented by Adam Selin <span class=\"meta-sep meta-sep-bull\">&bull;<\/span> Code Track <span class=\"meta-sep meta-sep-bull\">&bull;<\/span> <span class=\"edit-link\"><a class=\"post-edit-link\" href=\"https:\/\/2012.gdansk.wordcamp.org\/wp-admin\/post.php?post=533&amp;action=edit\" title=\"Edit Session\">Edit<\/a><\/span>\t\t\t\t\t\t<\/div>\n<div class=\"entry-content session-description\">\n<p>Gdy ro\u015bnie ruch na stronie coraz wi\u0119ksze znaczenie ma serwer na kt\u00f3ry obs\u0142uguje nasz\u0105 witryn\u0119. Z prezentacji dowiecie si\u0119 jak wybra\u0107 odpowiedni serwer VPS, jak go skonfigurowa\u0107 i zoptymalizowa\u0107 pod k\u0105tem WordPressa. Kiedy i jak zabezpiecza\u0107 nasz serwer przed tymczasowym gwa\u0142townym wzrostem ruchu (DDoS, efekt wykopu). A mo\u017ce zastanawiali\u015bcie si\u0119 kiedy jest ta pora kiedy nale\u017cy si\u0119gn\u0105\u0107 chmur i przej\u015b\u0107 na co\u015b wi\u0119cej ni\u017c VPS? <\/p>\n<\/p><\/div>\n<\/p><\/div>\n<div class=\"post-703 wcb_session type-wcb_session status-publish hentry session\">\n<h3 class=\"entry-title session-title\"><a href=\"https:\/\/2012.gdansk.wordcamp.org\/session\/klienci-freelancera-raport-z-pola-bitwy-i-studium-ciezkich-przypadkow\/\" title=\"Permalink to Klienci freelancera: raport z pola bitwy i studium (ci\u0119\u017ckich) przypadk\u00f3w\" rel=\"bookmark\">Klienci freelancera: raport z pola bitwy i studium (ci\u0119\u017ckich) przypadk\u00f3w<\/a><\/h3>\n<div class=\"entry-meta session-speakers\">\n\t\t\t\t\t\t\tPresented by Pawe\u0142 Pela <span class=\"meta-sep meta-sep-bull\">&bull;<\/span> Chillout Track <span class=\"meta-sep meta-sep-bull\">&bull;<\/span> <span class=\"edit-link\"><a class=\"post-edit-link\" href=\"https:\/\/2012.gdansk.wordcamp.org\/wp-admin\/post.php?post=703&amp;action=edit\" title=\"Edit Session\">Edit<\/a><\/span>\t\t\t\t\t\t<\/div>\n<div class=\"entry-content session-description\">\n<p>Opowiem o ludziach, kt\u00f3rych spotyka\u0142em przez ostatnie 2 lata pracy jako WP-freelancer. B\u0119dzie o \u015bwietnych klientach, kt\u00f3rzy stanowi\u0105 wi\u0119kszo\u015b\u0107. B\u0119dzie te\u017c o rzadziej spotykanych\u2026 klientach nietypowych. Ludziach o specyficznych potrzebach, wymaganiach i idiotycznym bud\u017cecie. O tych zupe\u0142nie urwanych z choinki. Statystyki na szcz\u0119\u015bcie s\u0105 po naszej stronie. A z odmie\u0144cami mo\u017cna sobie poradzi\u0107. Jak? Mam kilka pomys\u0142\u00f3w i opowiem o nich w prelekcji.<\/p>\n<\/p><\/div>\n<\/p><\/div>\n<\/p><\/div>\n<div class=\"grid_6 omega\">\n<div class=\"post-800 wcb_session type-wcb_session status-publish hentry session\">\n<h3 class=\"entry-title session-title\"><a href=\"https:\/\/2012.gdansk.wordcamp.org\/session\/ile-zarabiamy-na-wordpressie\/\" title=\"Permalink to Ile zarabiamy na WordPressie?\" rel=\"bookmark\">Ile zarabiamy na WordPressie?<\/a><\/h3>\n<div class=\"entry-meta session-speakers\">\n\t\t\t\t\t\t\tPresented by Konrad Karpieszuk <span class=\"meta-sep meta-sep-bull\">&bull;<\/span> Chillout Track <span class=\"meta-sep meta-sep-bull\">&bull;<\/span> <span class=\"edit-link\"><a class=\"post-edit-link\" href=\"https:\/\/2012.gdansk.wordcamp.org\/wp-admin\/post.php?post=800&amp;action=edit\" title=\"Edit Session\">Edit<\/a><\/span>\t\t\t\t\t\t<\/div>\n<div class=\"entry-content session-description\">\n<p>Czy na WordPressie mo\u017cna zarobi\u0107? Czy wystarczy na ZUS? Czy wi\u0119kszo\u015b\u0107 na WordCamp przyjecha\u0142a PolskimBusem za z\u0142ot\u00f3wk\u0119? ;) Ta kr\u00f3tka prezentacja wynik\u00f3w ankiety prowadzonej na <a href=\"http:\/\/dev.wpzlecenia.pl\/2012\/09\/ile-zarabiaja-wp-developerzy-no-wlasnie-ile-zarabiamy\/\" target=\"_blank\">dev.wpzlecenia.pl<\/a> ujawni jak wygl\u0105da polski rynek WordPressa. Czy mam si\u0119 czego wstydzi\u0107? Czy swoimi cenami psuj\u0119 rynek? Przyjd\u017a, pos\u0142uchaj i por\u00f3wnaj jak sam wypadasz na tle innych.<\/p>\n<\/p><\/div>\n<\/p><\/div>\n<div class=\"post-824 wcb_session type-wcb_session status-publish hentry session\">\n<h3 class=\"entry-title session-title\"><a href=\"https:\/\/2012.gdansk.wordcamp.org\/session\/how-were-building-a-business-around-wysija\/\" title=\"Permalink to How we\u2019re building a business around Wysija\" rel=\"bookmark\">How we\u2019re building a business around Wysija<\/a><\/h3>\n<div class=\"entry-meta session-speakers\">\n\t\t\t\t\t\t\tPresented by Kim Gjerstad <span class=\"meta-sep meta-sep-bull\">&bull;<\/span> Chillout Track <span class=\"meta-sep meta-sep-bull\">&bull;<\/span> <span class=\"edit-link\"><a class=\"post-edit-link\" href=\"https:\/\/2012.gdansk.wordcamp.org\/wp-admin\/post.php?post=824&amp;action=edit\" title=\"Edit Session\">Edit<\/a><\/span>\t\t\t\t\t\t<\/div>\n<div class=\"entry-content session-description\">\n<p><em>[prelekcja w j\u0119zyku angielskim]<\/em> Is it easy to make a living out of a plugin? In this talk, Kim goes through the first 12 months of creating a freemium plugin called<br \/>\n<a href=\"http:\/\/wordpress.org\/extend\/plugins\/wysija-newsletters\/\" target=\"_blank\">Wysija <\/a>. What to do, what not to do.<\/p>\n<\/p><\/div>\n<\/p><\/div>\n<div class=\"post-564 wcb_session type-wcb_session status-publish hentry session\">\n<h3 class=\"entry-title session-title\"><a href=\"https:\/\/2012.gdansk.wordcamp.org\/session\/framework-gavernwp\/\" title=\"Permalink to Framework GavernWP\" rel=\"bookmark\">Framework GavernWP<\/a><\/h3>\n<div class=\"entry-meta session-speakers\">\n\t\t\t\t\t\t\tPresented by Tomasz Dziuda <span class=\"meta-sep meta-sep-bull\">&bull;<\/span> Code Track <span class=\"meta-sep meta-sep-bull\">&bull;<\/span> <span class=\"edit-link\"><a class=\"post-edit-link\" href=\"https:\/\/2012.gdansk.wordcamp.org\/wp-admin\/post.php?post=564&amp;action=edit\" title=\"Edit Session\">Edit<\/a><\/span>\t\t\t\t\t\t<\/div>\n<div class=\"entry-content session-description\">\n<p>GavernWP to nowy framework stworzony przez GavickPro, dystrybuowany wraz z darmowym szablonem Meet GavernWP. Prezentacja ta ma na celu zaprezentowanie kluczowych mo\u017cliwo\u015bci frameworka &#8211; zar\u00f3wno z punktu widzenia developera (struktura szablonu, konfiguracja z u\u017cyciem plik\u00f3w JSON itd.) jak i zwyk\u0142ego u\u017cytkownika WordPressa (Widget rules, wbudowane Shortcodes itd.)<\/p>\n<\/p><\/div>\n<\/p><\/div>\n<div class=\"post-57 wcb_session type-wcb_session status-publish hentry session\">\n<h3 class=\"entry-title session-title\"><a href=\"https:\/\/2012.gdansk.wordcamp.org\/session\/e-commerce-na-wordpressie\/\" title=\"Permalink to E-commerce na WordPressie\" rel=\"bookmark\">E-commerce na WordPressie<\/a><\/h3>\n<div class=\"entry-meta session-speakers\">\n\t\t\t\t\t\t\tPresented by Micha\u0142 \u017buk <span class=\"meta-sep meta-sep-bull\">&bull;<\/span> Chillout Track <span class=\"meta-sep meta-sep-bull\">&bull;<\/span> <span class=\"edit-link\"><a class=\"post-edit-link\" href=\"https:\/\/2012.gdansk.wordcamp.org\/wp-admin\/post.php?post=57&amp;action=edit\" title=\"Edit Session\">Edit<\/a><\/span>\t\t\t\t\t\t<\/div>\n<div class=\"entry-content session-description\">\n<p>WordPress jest coraz cz\u0119\u015bciej traktowany jako CMS a nawet framework do budowy r\u00f3\u017cnych aplikacji internetowych. Coraz wi\u0119cej na wordpressowym rynku pojawia si\u0119 wtyczek i sk\u00f3rek, kt\u00f3re pozwalaj\u0105 prowadzi\u0107 sklep internetowy. Podczas prezentacji postaram si\u0119 przedstawi\u0107 i por\u00f3wna\u0107 wybrane platformy e-commerce dla WordPressa, kt\u00f3re chocia\u017c cz\u0119\u015bciowo s\u0105 przygotowane do obs\u0142ugi polskiego klienta (posiadaj\u0105 co najmniej oficjaln\u0105 bramk\u0119 polskiego systemu p\u0142atno\u015bci). <\/p>\n<\/p><\/div>\n<\/p><\/div>\n<div class=\"post-906 wcb_session type-wcb_session status-publish hentry session\">\n<h3 class=\"entry-title session-title\"><a href=\"https:\/\/2012.gdansk.wordcamp.org\/session\/dziel-sie-pasja-platforma-wordpress-w-onecie\/\" title=\"Permalink to Dziel si\u0119 pasj\u0105! Platforma WordPress w Onecie\" rel=\"bookmark\">Dziel si\u0119 pasj\u0105! Platforma WordPress w Onecie<\/a><\/h3>\n<div class=\"entry-meta session-speakers\">\n\t\t\t\t\t\t\tPresented by  <span class=\"meta-sep meta-sep-bull\">&bull;<\/span> Code Track <span class=\"meta-sep meta-sep-bull\">&bull;<\/span> <span class=\"edit-link\"><a class=\"post-edit-link\" href=\"https:\/\/2012.gdansk.wordcamp.org\/wp-admin\/post.php?post=906&amp;action=edit\" title=\"Edit Session\">Edit<\/a><\/span>\t\t\t\t\t\t<\/div>\n<div class=\"entry-content session-description\">\n<p>W 2010 roku  w trakcie pierwszego w Polsce WordCampu w \u0141odzi Onet og\u0142osi\u0142 utworzenie nowej us\u0142ugi blogowej &#8211; bloguj\u0105cy.pl &#8211; w ca\u0142o\u015bci opartej na wordpressie. Jednymi z pierwszych u\u017cytkownik\u00f3w byli w\u0142a\u015bnie uczestnicy WordCampu :) Dzisiaj, dwa lata p\u00f3\u017aniej, platforma WordPress Onetu obs\u0142uguje setki tysi\u0119cy blog\u00f3w, a za chwil\u0119 b\u0119dzie ich oko\u0142o dw\u00f3ch milion\u00f3w. Zapraszamy na prezentacj\u0119, na kt\u00f3rej przedstawimy wyzwania i problemy zwi\u0105zane z obs\u0142ug\u0105 tak du\u017cej platformy.<\/p>\n<\/p><\/div>\n<\/p><\/div>\n<div class=\"post-682 wcb_session type-wcb_session status-publish hentry session\">\n<h3 class=\"entry-title session-title\"><a href=\"https:\/\/2012.gdansk.wordcamp.org\/session\/bledy-userow-niedorobki-koderow\/\" title=\"Permalink to B\u0142\u0119dy user\u00f3w, niedor\u00f3bki koder\u00f3w\" rel=\"bookmark\">B\u0142\u0119dy user\u00f3w, niedor\u00f3bki koder\u00f3w<\/a><\/h3>\n<div class=\"entry-meta session-speakers\">\n\t\t\t\t\t\t\tPresented by Arkadiusz St\u0119plowski <span class=\"meta-sep meta-sep-bull\">&bull;<\/span> Chillout Track <span class=\"meta-sep meta-sep-bull\">&bull;<\/span> <span class=\"edit-link\"><a class=\"post-edit-link\" href=\"https:\/\/2012.gdansk.wordcamp.org\/wp-admin\/post.php?post=682&amp;action=edit\" title=\"Edit Session\">Edit<\/a><\/span>\t\t\t\t\t\t<\/div>\n<div class=\"entry-content session-description\">\n<p>Przedmiotem prezentacji jest przegl\u0105d b\u0142\u0119d\u00f3w jakie pope\u0142niaj\u0105 u\u017cytkownicy podczas pracy z w\u0142asnym serwisem i koderzy tworz\u0105c wtyczki i sk\u00f3rki. Zgrubna analiza wp\u0142ywu tych b\u0142\u0119d\u00f3w na u\u017cyteczno\u015b\u0107 serwisu i jego pozycjonowanie.<\/p>\n<\/p><\/div>\n<\/p><\/div>\n<div class=\"post-530 wcb_session type-wcb_session status-publish hentry session\">\n<h3 class=\"entry-title session-title\"><a href=\"https:\/\/2012.gdansk.wordcamp.org\/session\/analityka-internetowa-czyli-czego-mozesz-sie-dowiedziec-o-swoich-uzytkownikach-dzieki-ga\/\" title=\"Permalink to Analityka internetowa, czyli czego mo\u017cesz si\u0119 dowiedzie\u0107 o swoich u\u017cytkownikach dzi\u0119ki GA\" rel=\"bookmark\">Analityka internetowa, czyli czego mo\u017cesz si\u0119 dowiedzie\u0107 o swoich u\u017cytkownikach dzi\u0119ki GA<\/a><\/h3>\n<div class=\"entry-meta session-speakers\">\n\t\t\t\t\t\t\tPresented by \u0141ukasz Rysiak <span class=\"meta-sep meta-sep-bull\">&bull;<\/span> Chillout Track <span class=\"meta-sep meta-sep-bull\">&bull;<\/span> <span class=\"edit-link\"><a class=\"post-edit-link\" href=\"https:\/\/2012.gdansk.wordcamp.org\/wp-admin\/post.php?post=530&amp;action=edit\" title=\"Edit Session\">Edit<\/a><\/span>\t\t\t\t\t\t<\/div>\n<div class=\"entry-content session-description\">\n<p>Prawdopodobnie ka\u017cdy z nas ma na stronie zapi\u0119ty kod GA, ale cz\u0119sto jest tak, \u017ce zbierane w Google Analytics dane s\u0105 analizowane bardzo powierzchownie. Prezentacja ma na celu pokazanie, na przyk\u0142adzie kilku ciekawych i znanych w polskim internecie stron, Czego mo\u017cemy dowiedzie\u0107 si\u0119 o u\u017cytkownikach &#8211; w jaki spos\u00f3b do nas trafiaj\u0105, jak poradzi\u0107 sobie z problemem &#8222;(not provided)&#8221;,  jak oceni\u0107 jako\u015b\u0107 \u017ar\u00f3de\u0142 kieruj\u0105cych ruch do naszej strony oraz jak zmierzy\u0107 op\u0142acalno\u015b\u0107 prowadzenia dzia\u0142a\u0144 marketingowych w internecie. Opowiemy te\u017c o tym, jak skonfigurowa\u0107 Google Analytics pod k\u0105tem WordPress&#8217;a, tak aby gromadzi\u0107 dane o wyszukiwaniu, autorach, kategoriach itp.<\/p>\n<\/p><\/div>\n<\/p><\/div>\n<\/p><\/div>\n<\/p><\/div>\n","protected":false},"excerpt":{"rendered":"<p>Poni\u017cej znajdziecie list\u0119 prelekcji wyg\u0142oszonych (lub nie) na WordCampie. Ka\u017cda prelekcja ma swoj\u0105 podstron\u0119 na kt\u00f3rej znajdziecie dodatkowe materia\u0142y takie jak prezentacje, skrypty itp. Zarabianie na wtyczkach &#8211; to wcale nie takie trudne! Presented by \u0141ukasz Wi\u0119cek &bull; Chillout Track &hellip; <a href=\"https:\/\/gdansk.wordcamp.org\/2012\/prelekcje\/\">Czytaj dalej <span class=\"screen-reader-text\">Prelekcje<\/span>  <span class=\"meta-nav\">&rarr;<\/span><\/a><\/p>\n","protected":false},"author":7521817,"featured_media":0,"parent":0,"menu_order":0,"comment_status":"closed","ping_status":"closed","template":"template-full-width.php","meta":{"jetpack_post_was_ever_published":false,"footnotes":""},"class_list":["post-60","page","type-page","status-publish","hentry"],"jetpack_sharing_enabled":true,"jetpack_shortlink":"https:\/\/wp.me\/P2GnQ0-Y","_links":{"self":[{"href":"https:\/\/gdansk.wordcamp.org\/2012\/wp-json\/wp\/v2\/pages\/60","targetHints":{"allow":["GET"]}}],"collection":[{"href":"https:\/\/gdansk.wordcamp.org\/2012\/wp-json\/wp\/v2\/pages"}],"about":[{"href":"https:\/\/gdansk.wordcamp.org\/2012\/wp-json\/wp\/v2\/types\/page"}],"author":[{"embeddable":true,"href":"https:\/\/gdansk.wordcamp.org\/2012\/wp-json\/wp\/v2\/users\/7521817"}],"replies":[{"embeddable":true,"href":"https:\/\/gdansk.wordcamp.org\/2012\/wp-json\/wp\/v2\/comments?post=60"}],"version-history":[{"count":5,"href":"https:\/\/gdansk.wordcamp.org\/2012\/wp-json\/wp\/v2\/pages\/60\/revisions"}],"predecessor-version":[{"id":1039,"href":"https:\/\/gdansk.wordcamp.org\/2012\/wp-json\/wp\/v2\/pages\/60\/revisions\/1039"}],"wp:attachment":[{"href":"https:\/\/gdansk.wordcamp.org\/2012\/wp-json\/wp\/v2\/media?parent=60"}],"curies":[{"name":"wp","href":"https:\/\/api.w.org\/{rel}","templated":true}]}}