{"id":670,"date":"2012-09-17T13:22:48","date_gmt":"2012-09-17T11:22:48","guid":{"rendered":"https:\/\/2012.gdansk.wordcamp.org\/?page_id=670"},"modified":"2012-10-05T14:36:35","modified_gmt":"2012-10-05T12:36:35","slug":"agenda","status":"publish","type":"page","link":"https:\/\/gdansk.wordcamp.org\/2012\/agenda\/","title":{"rendered":"Agenda"},"content":{"rendered":"<table class=\"schedule\" border=\"0\">\n<thead>\n<tr>\n<th>Time<\/th>\n<th>Dzie\u0144 1 (11.10)<br \/>\n&#8222;Code track&#8221;<\/th>\n<th>Dzie\u0144 2 (12.10)<br \/>\n&#8222;Chillout track&#8221;<\/th>\n<\/tr>\n<\/thead>\n<tbody>\n<tr class=\"registration\">\n<th>9:00<\/th>\n<td class=\"\">\nRejestracja uczestnik\u00f3w\n<\/td>\n<td class=\"\">\nWordCampowa pobudka konkursowa\n<\/td>\n<\/tr>\n<tr>\n<th>9:40<\/th>\n<td>\n<a href=\"https:\/\/2012.gdansk.wordcamp.org\/session\/woocommerce\/\" title=\"WooFramework \u2013 silnik WooThemes praktycznie\">Daniel Dudzic<\/a><br \/>\n<span>WooFramework &#8211; silnik WooThemes praktycznie<\/span>\n<\/td>\n<td>\n<a href=\"https:\/\/2012.gdansk.wordcamp.org\/session\/e-commerce-na-wordpressie\/\" title=\"E-commerce na WordPressie\">Micha\u0142 \u017buk<\/a><br \/>\n<span>E-commerce na WordPressie<\/span>\n<\/td>\n<\/tr>\n<tr>\n<th>10:20<\/th>\n<td>\n<a href=\"https:\/\/2012.gdansk.wordcamp.org\/session\/framework-gavernwp\/\" title=\"Framework GavernWP\">Tomasz Dziuda<\/a><br \/>\n<span>Framework GavernWP<\/span>\n<\/td>\n<td>\n<a href=\"https:\/\/2012.gdansk.wordcamp.org\/session\/analityka-internetowa-czyli-czego-mozesz-sie-dowiedziec-o-swoich-uzytkownikach-dzieki-ga\/\" title=\"Analityka internetowa, czyli czego mo\u017cesz si\u0119 dowiedzie\u0107 o swoich u\u017cytkownikach dzi\u0119ki GA\">\u0141ukasz Rysiak<\/a><br \/>\n<span>Analityka internetowa, czyli czego mo\u017cesz si\u0119 dowiedzie\u0107 o swoich u\u017cytkownikach dzi\u0119ki GA<\/span>\n<\/td>\n<\/tr>\n<tr class=\"alt\">\n<th>11:00<\/th>\n<td class=\"widecell\" colspan=\"2\">\nPrzerwa kawowa\n<\/td>\n<\/tr>\n<tr class=\"alt\">\n<th>11:20<\/th>\n<td>\n<a href=\"https:\/\/2012.gdansk.wordcamp.org\/session\/na-czym-wordpress-stoi-czyli-o-serwerach-slow-kilka\/\" title=\"Na czym WordPress stoi. O serwerach s\u0142\u00f3w kilka\">Adam Selin<\/a><br \/>\n<span>Na czym WordPress stoi. O serwerach s\u0142\u00f3w kilka<\/span>\n<\/td>\n<td>\n<a href=\"https:\/\/2012.gdansk.wordcamp.org\/session\/klienci-freelancera-raport-z-pola-bitwy-i-studium-ciezkich-przypadkow\/\" title=\"Klienci freelancera: raport z pola bitwy i studium (ci\u0119\u017ckich) przypadk\u00f3w\">Pawe\u0142 Pela<\/a><br \/>\n<span>Klienci freelancera: raport z pola bitwy i studium (ci\u0119\u017ckich) przypadk\u00f3w<\/span>\n<\/td>\n<\/tr>\n<tr class=\"alt\">\n<th>12:00<\/th>\n<td>\n<a href=\"https:\/\/2012.gdansk.wordcamp.org\/session\/sprzataj-po-sobie\/\" title=\"Sprz\u0105taj po sobie!\">Marcin Pietrzak<\/a><br \/>\n<span>Sprz\u0105taj po sobie!<\/span>\n<\/td>\n<td>\n<a href=\"https:\/\/2012.gdansk.wordcamp.org\/session\/pozycjonowanie-wordpressa\/\" title=\"Pozycjonowanie WordPressa\">Arkadiusz Podlaski<\/a><br \/>\n<span>Pozycjonowanie WordPressa<\/span>\n<\/td>\n<\/tr>\n<tr class=\"alt\">\n<th rowspan=\"2\">13:10<\/th>\n<td class=\"widecell\" colspan=\"2\">\n[PREMIUM] Lunch wydzia\u0142owy na wydziale remontowym\n<\/td>\n<\/tr>\n<tr class=\"alt\">\n<td class=\"widecell\" colspan=\"2\">\n[STANDARD] Przerwa kawowa\n<\/td>\n<\/tr>\n<tr class=\"alt\">\n<th>14:00<\/th>\n<td>\n<a href=\"https:\/\/2012.gdansk.wordcamp.org\/session\/dziel-sie-pasja-platforma-wordpress-w-onecie\/\" title=\"Dziel si\u0119 pasj\u0105! Platforma WordPress w Onecie\">Marek Kowal<\/a><br \/>\n<span>Dziel si\u0119 pasj\u0105! Platforma WordPress w Onecie<\/span>\n<\/td>\n<td>\n<a href=\"https:\/\/2012.gdansk.wordcamp.org\/session\/how-were-building-a-business-around-wysija\/\" title=\"How we\u2019re building a business around Wysija\">Kim Gjerstad <sup>[EN]<\/sup><\/a><br \/>\n<span> How we&#8217;re building a business around Wysija<\/span>\n<\/td>\n<\/tr>\n<tr class=\"\">\n<th>14:40<\/th>\n<td>\n<a href=\"https:\/\/2012.gdansk.wordcamp.org\/session\/wp-cron-cykliczne-zadania-w-wordpressie\/\" title=\"WP Cron \u2013  cykliczne zadania w WordPressie\">Maciej Kuchnik<\/a><br \/>\n<span>WP Cron \u2013 cykliczne zadania w WordPressie<\/span>\n<\/td>\n<td>\n<a href=\"https:\/\/2012.gdansk.wordcamp.org\/session\/bledy-userow-niedorobki-koderow\/\" title=\"B\u0142\u0119dy user\u00f3w, niedor\u00f3bki koder\u00f3w\">Arkadiusz St\u0119plowski<\/a><br \/>\n<span>B\u0142\u0119dy user\u00f3w, niedor\u00f3bki koder\u00f3w<\/span>\n<\/td>\n<\/tr>\n<tr class=\"alt\">\n<th>15:20<\/th>\n<td class=\"widecell\" colspan=\"2\">\nPrzerwa kawowa\n<\/td>\n<\/tr>\n<tr class=\"alt\">\n<th>15:30<\/th>\n<td>\n<a href=\"https:\/\/2012.gdansk.wordcamp.org\/session\/zarabianie-na-wtyczkach\/\" title=\"Zarabianie na wtyczkach \u2013 to wcale nie takie trudne!\">\u0141ukasz Wi\u0119cek<\/a><br \/>\n<span>Zarabianie na wtyczkach \u2013 to wcale nie takie trudne!<\/span>\n<\/td>\n<td>\n<a href=\"https:\/\/2012.gdansk.wordcamp.org\/session\/uzytkownik-tez-czlowiek-czyli-usability-w-praktyce\/\" title=\"U\u017cytkownik te\u017c cz\u0142owiek, czyli usability w praktyce\">Katarzyna Karus<\/a><br \/>\n<span>U\u017cytkownik te\u017c cz\u0142owiek, czyli usability w praktyce<\/span>\n<\/td>\n<\/tr>\n<tr class=\"alt\">\n<th>16:10<\/th>\n<td>\nMicha\u0142 Stanowski<br \/>\n<span>WPMU &#8211; zarz\u0105dzanie sieci\u0105 blog\u00f3w. Do\u0142aczanie i od\u0142\u0105czanie blog\u00f3w w sieci.<\/span>\n<\/td>\n<td>\nCezary Buliszak<br \/>\n<span>Wykluczenie cyfrowe &#8211; czyli kilka s\u0142\u00f3w o (nie)dost\u0119pno\u015bci stron WWW<\/span>\n<\/td>\n<\/tr>\n<tr class=\"alt\">\n<th rowspan=\"1\">16:40<\/th>\n<td class=\"vip\" rowspan=\"2\">\n<a href=\"\">[PREMIUM] Alternatywna Linia Autobusowa<\/a><br \/>\n<span>Wycieczka z przewodnikiem po Stoczni Gda\u0144sk<\/span>\n<\/td>\n<td>\n<a href=\"https:\/\/2012.gdansk.wordcamp.org\/session\/ile-zarabiamy-na-wordpressie\/\" title=\"Ile zarabiamy na WordPressie?\">Konrad Karpieszuk<\/a><br \/>\n<span>Ile zarabiamy na WordPressie?<\/span>\n<\/td>\n<\/tr>\n<tr class=\"alt\">\n<th rowspan=\"1\">17:00<\/th>\n<td rowspan=\"2\">\n<span>Zako\u0144czenie konferencji WordCamp<\/span>\n<\/td>\n<\/tr>\n<tr class=\"alt special\">\n<th>20:00<\/th>\n<td>\nMiddle Party &#8211; Klub Wydzia\u0142 Remontowy &#8211; WordPressowa impreza integracyjna\n<\/td>\n<\/tr>\n<\/tbody>\n<\/table>\n<p>Powy\u017csza Agenda nie jest ostateczna. Dopuszczamy wprowadzanie w agendzie zmian w zale\u017cno\u015bci od potrzeb i zaistnia\u0142ych sytuacji.<\/p>\n","protected":false},"excerpt":{"rendered":"<p>Time Dzie\u0144 1 (11.10) &#8222;Code track&#8221; Dzie\u0144 2 (12.10) &#8222;Chillout track&#8221; 9:00 Rejestracja uczestnik\u00f3w WordCampowa pobudka konkursowa 9:40 Daniel Dudzic WooFramework &#8211; silnik WooThemes praktycznie Micha\u0142 \u017buk E-commerce na WordPressie 10:20 Tomasz Dziuda Framework GavernWP \u0141ukasz Rysiak Analityka internetowa, czyli &hellip; <a href=\"https:\/\/gdansk.wordcamp.org\/2012\/agenda\/\">Czytaj dalej <span class=\"screen-reader-text\">Agenda<\/span>  <span class=\"meta-nav\">&rarr;<\/span><\/a><\/p>\n","protected":false},"author":7521817,"featured_media":0,"parent":0,"menu_order":0,"comment_status":"closed","ping_status":"closed","template":"","meta":{"jetpack_post_was_ever_published":false,"footnotes":""},"class_list":["post-670","page","type-page","status-publish","hentry"],"jetpack_sharing_enabled":true,"jetpack_shortlink":"https:\/\/wp.me\/P2GnQ0-aO","_links":{"self":[{"href":"https:\/\/gdansk.wordcamp.org\/2012\/wp-json\/wp\/v2\/pages\/670","targetHints":{"allow":["GET"]}}],"collection":[{"href":"https:\/\/gdansk.wordcamp.org\/2012\/wp-json\/wp\/v2\/pages"}],"about":[{"href":"https:\/\/gdansk.wordcamp.org\/2012\/wp-json\/wp\/v2\/types\/page"}],"author":[{"embeddable":true,"href":"https:\/\/gdansk.wordcamp.org\/2012\/wp-json\/wp\/v2\/users\/7521817"}],"replies":[{"embeddable":true,"href":"https:\/\/gdansk.wordcamp.org\/2012\/wp-json\/wp\/v2\/comments?post=670"}],"version-history":[{"count":45,"href":"https:\/\/gdansk.wordcamp.org\/2012\/wp-json\/wp\/v2\/pages\/670\/revisions"}],"predecessor-version":[{"id":972,"href":"https:\/\/gdansk.wordcamp.org\/2012\/wp-json\/wp\/v2\/pages\/670\/revisions\/972"}],"wp:attachment":[{"href":"https:\/\/gdansk.wordcamp.org\/2012\/wp-json\/wp\/v2\/media?parent=670"}],"curies":[{"name":"wp","href":"https:\/\/api.w.org\/{rel}","templated":true}]}}